{"id":55,"date":"2019-05-09T16:28:49","date_gmt":"2019-05-09T15:28:49","guid":{"rendered":"http:\/\/79.170.40.54\/cwmcarnforest.co.uk\/home\/"},"modified":"2021-06-17T11:15:35","modified_gmt":"2021-06-17T10:15:35","slug":"home","status":"publish","type":"page","link":"https:\/\/www.cwmcarnforest.co.uk\/cy\/","title":{"rendered":"Hafan"},"content":{"rendered":"<h4 style=\"text-align: center;\"><span style=\"color: #800000;\"><a style=\"color: #800000;\" href=\"https:\/\/www.caerphilly.gov.uk\/Services\/Coronavirus?lang=cy-gb\"><strong>Coronafeirws &#8211; cyngor a gwybodaeth ddiweddaraf<\/strong><\/a><\/span><\/h4>\n<h2 style=\"text-align: center;\"><span style=\"color: #800000;\">Dianc i Fyd Natur<\/span><\/h2>\n<p style=\"text-align: center;\">O anturiaethau gwefreiddiol i wyliau tawel dros nos, mae Coedwig Cwmcarn yn ddigon agos i ddianc iddo&#8217;n hawdd ond eto&#8217;n teimlo fel eich bod filiwn o filltiroedd i ffwrdd. Dewch yma i anturio neu ymlacio, chi sydd \u00e2&#8217;r dewis; dewiswch o lwybrau beicio mynydd a gweithgareddau d\u0175r llawn adrenalin neu fwynhau crwydro un o&#8217;r llwybrau cerdded niferus a chael paned o wasanaeth tecaw\u00ea Caffi&#8217;r.<\/p>\n","protected":false},"excerpt":{"rendered":"<p>Coronafeirws &#8211; cyngor a gwybodaeth ddiweddaraf Dianc i Fyd Natur O anturiaethau gwefreiddiol i wyliau tawel dros nos, mae Coedwig Cwmcarn yn ddigon agos i ddianc iddo&#8217;n hawdd ond eto&#8217;n [&hellip;]<\/p>\n","protected":false},"author":1,"featured_media":0,"parent":0,"menu_order":0,"comment_status":"closed","ping_status":"closed","template":"home.php","meta":{"_acf_changed":false,"inline_featured_image":false,"footnotes":""},"class_list":["post-55","page","type-page","status-publish","hentry"],"acf":[],"yoast_head":"<!-- This site is optimized with the Yoast SEO plugin v27.3 - https:\/\/yoast.com\/product\/yoast-seo-wordpress\/ -->\n<title>Hafan - Cwmcarn Forest<\/title>\n<meta name=\"robots\" content=\"index, follow, max-snippet:-1, max-image-preview:large, max-video-preview:-1\" \/>\n<link rel=\"canonical\" href=\"https:\/\/www.cwmcarnforest.co.uk\/cy\/\" \/>\n<meta property=\"og:locale\" content=\"cy_GB\" \/>\n<meta property=\"og:type\" content=\"article\" \/>\n<meta property=\"og:title\" content=\"Hafan - Cwmcarn Forest\" \/>\n<meta property=\"og:description\" content=\"Coronafeirws &#8211; cyngor a gwybodaeth ddiweddaraf Dianc i Fyd Natur O anturiaethau gwefreiddiol i wyliau tawel dros nos, mae Coedwig Cwmcarn yn ddigon agos i ddianc iddo&#8217;n hawdd ond eto&#8217;n [&hellip;]\" \/>\n<meta property=\"og:url\" content=\"https:\/\/www.cwmcarnforest.co.uk\/cy\/\" \/>\n<meta property=\"og:site_name\" content=\"Cwmcarn Forest\" \/>\n<meta property=\"article:modified_time\" content=\"2021-06-17T10:15:35+00:00\" \/>\n<meta name=\"twitter:card\" content=\"summary_large_image\" \/>\n<meta name=\"twitter:label1\" content=\"Est. reading time\" \/>\n\t<meta name=\"twitter:data1\" content=\"1 minute\" \/>\n<script type=\"application\/ld+json\" class=\"yoast-schema-graph\">{\"@context\":\"https:\\\/\\\/schema.org\",\"@graph\":[{\"@type\":\"WebPage\",\"@id\":\"https:\\\/\\\/www.cwmcarnforest.co.uk\\\/cy\\\/\",\"url\":\"https:\\\/\\\/www.cwmcarnforest.co.uk\\\/cy\\\/\",\"name\":\"Hafan - Cwmcarn Forest\",\"isPartOf\":{\"@id\":\"https:\\\/\\\/www.cwmcarnforest.co.uk\\\/en\\\/#website\"},\"datePublished\":\"2019-05-09T15:28:49+00:00\",\"dateModified\":\"2021-06-17T10:15:35+00:00\",\"breadcrumb\":{\"@id\":\"https:\\\/\\\/www.cwmcarnforest.co.uk\\\/cy\\\/#breadcrumb\"},\"inLanguage\":\"cy-GB\",\"potentialAction\":[{\"@type\":\"ReadAction\",\"target\":[\"https:\\\/\\\/www.cwmcarnforest.co.uk\\\/cy\\\/\"]}]},{\"@type\":\"BreadcrumbList\",\"@id\":\"https:\\\/\\\/www.cwmcarnforest.co.uk\\\/cy\\\/#breadcrumb\",\"itemListElement\":[{\"@type\":\"ListItem\",\"position\":1,\"name\":\"Home\",\"item\":\"https:\\\/\\\/www.cwmcarnforest.co.uk\\\/cy\\\/\"},{\"@type\":\"ListItem\",\"position\":2,\"name\":\"Hafan\"}]},{\"@type\":\"WebSite\",\"@id\":\"https:\\\/\\\/www.cwmcarnforest.co.uk\\\/en\\\/#website\",\"url\":\"https:\\\/\\\/www.cwmcarnforest.co.uk\\\/en\\\/\",\"name\":\"Cwmcarn Forest\",\"description\":\"\",\"potentialAction\":[{\"@type\":\"SearchAction\",\"target\":{\"@type\":\"EntryPoint\",\"urlTemplate\":\"https:\\\/\\\/www.cwmcarnforest.co.uk\\\/en\\\/?s={search_term_string}\"},\"query-input\":{\"@type\":\"PropertyValueSpecification\",\"valueRequired\":true,\"valueName\":\"search_term_string\"}}],\"inLanguage\":\"cy-GB\"}]}<\/script>\n<!-- \/ Yoast SEO plugin. -->","yoast_head_json":{"title":"Hafan - Cwmcarn Forest","robots":{"index":"index","follow":"follow","max-snippet":"max-snippet:-1","max-image-preview":"max-image-preview:large","max-video-preview":"max-video-preview:-1"},"canonical":"https:\/\/www.cwmcarnforest.co.uk\/cy\/","og_locale":"cy_GB","og_type":"article","og_title":"Hafan - Cwmcarn Forest","og_description":"Coronafeirws &#8211; cyngor a gwybodaeth ddiweddaraf Dianc i Fyd Natur O anturiaethau gwefreiddiol i wyliau tawel dros nos, mae Coedwig Cwmcarn yn ddigon agos i ddianc iddo&#8217;n hawdd ond eto&#8217;n [&hellip;]","og_url":"https:\/\/www.cwmcarnforest.co.uk\/cy\/","og_site_name":"Cwmcarn Forest","article_modified_time":"2021-06-17T10:15:35+00:00","twitter_card":"summary_large_image","twitter_misc":{"Est. reading time":"1 minute"},"schema":{"@context":"https:\/\/schema.org","@graph":[{"@type":"WebPage","@id":"https:\/\/www.cwmcarnforest.co.uk\/cy\/","url":"https:\/\/www.cwmcarnforest.co.uk\/cy\/","name":"Hafan - Cwmcarn Forest","isPartOf":{"@id":"https:\/\/www.cwmcarnforest.co.uk\/en\/#website"},"datePublished":"2019-05-09T15:28:49+00:00","dateModified":"2021-06-17T10:15:35+00:00","breadcrumb":{"@id":"https:\/\/www.cwmcarnforest.co.uk\/cy\/#breadcrumb"},"inLanguage":"cy-GB","potentialAction":[{"@type":"ReadAction","target":["https:\/\/www.cwmcarnforest.co.uk\/cy\/"]}]},{"@type":"BreadcrumbList","@id":"https:\/\/www.cwmcarnforest.co.uk\/cy\/#breadcrumb","itemListElement":[{"@type":"ListItem","position":1,"name":"Home","item":"https:\/\/www.cwmcarnforest.co.uk\/cy\/"},{"@type":"ListItem","position":2,"name":"Hafan"}]},{"@type":"WebSite","@id":"https:\/\/www.cwmcarnforest.co.uk\/en\/#website","url":"https:\/\/www.cwmcarnforest.co.uk\/en\/","name":"Cwmcarn Forest","description":"","potentialAction":[{"@type":"SearchAction","target":{"@type":"EntryPoint","urlTemplate":"https:\/\/www.cwmcarnforest.co.uk\/en\/?s={search_term_string}"},"query-input":{"@type":"PropertyValueSpecification","valueRequired":true,"valueName":"search_term_string"}}],"inLanguage":"cy-GB"}]}},"_links":{"self":[{"href":"https:\/\/www.cwmcarnforest.co.uk\/cy\/wp-json\/wp\/v2\/pages\/55","targetHints":{"allow":["GET"]}}],"collection":[{"href":"https:\/\/www.cwmcarnforest.co.uk\/cy\/wp-json\/wp\/v2\/pages"}],"about":[{"href":"https:\/\/www.cwmcarnforest.co.uk\/cy\/wp-json\/wp\/v2\/types\/page"}],"author":[{"embeddable":true,"href":"https:\/\/www.cwmcarnforest.co.uk\/cy\/wp-json\/wp\/v2\/users\/1"}],"replies":[{"embeddable":true,"href":"https:\/\/www.cwmcarnforest.co.uk\/cy\/wp-json\/wp\/v2\/comments?post=55"}],"version-history":[{"count":0,"href":"https:\/\/www.cwmcarnforest.co.uk\/cy\/wp-json\/wp\/v2\/pages\/55\/revisions"}],"wp:attachment":[{"href":"https:\/\/www.cwmcarnforest.co.uk\/cy\/wp-json\/wp\/v2\/media?parent=55"}],"curies":[{"name":"wp","href":"https:\/\/api.w.org\/{rel}","templated":true}]}}