{"id":583,"date":"2019-06-24T13:19:54","date_gmt":"2019-06-24T12:19:54","guid":{"rendered":"http:\/\/79.170.40.54\/cwmcarnforest.co.uk?page_id=583"},"modified":"2024-04-19T12:46:42","modified_gmt":"2024-04-19T11:46:42","slug":"site-overview","status":"publish","type":"page","link":"https:\/\/www.cwmcarnforest.co.uk\/cy\/site-overview\/","title":{"rendered":"Gwybodaeth i Ymwelwyr"},"content":{"rendered":"<p><iframe loading=\"lazy\" title=\"Cwmcarn Forest - Fabulous new luxury lodges and adventure playground!\" width=\"500\" height=\"281\" src=\"https:\/\/www.youtube.com\/embed\/37YdoW2uGoI?feature=oembed\" frameborder=\"0\" allow=\"accelerometer; autoplay; clipboard-write; encrypted-media; gyroscope; picture-in-picture; web-share\" referrerpolicy=\"strict-origin-when-cross-origin\" allowfullscreen><\/iframe><\/p>\n<h3>Oriau Agor y Ganolfan Ymwelwyr<\/h3>\n<p>Ar agor bob dydd 9.00am \u2013 5.00pm<\/p>\n<p>Ar gau dros gyfnod y Nadolig a&#8217;r Flwyddyn Newydd o 25 Rhagfyr tan 2 Ionawr.<\/p>\n<h3>Oriau Agor y Ffordd Goedwig Cwmcarn<\/h3>\n<p>1 Mawrth i 31 Hydref, 10am\u20136pm (mynediad olaf am 4pm)<\/p>\n<p>1 Tachwedd i diwedd mis Chwefror, Penwythnosau yn unig, 10am\u20134pm (mynediad olaf am<br \/>\n2pm)<\/p>\n<p>Car\u00a0 \u00a0 \u00a0 \u00a0 \u00a0 \u00a0 \u00a0 \u00a0 \u00a0 \u00a0 \u00a0 \u00a0 \u00a0 \u00a0 \u00a0 \u00a0 \u00a0 \u00a0\u00a310.00<\/p>\n<p>Bws mini (1-16 sedd)\u00a0 \u00a0\u00a318.50<\/p>\n<p>Coets\u00a0 \u00a0 \u00a0 \u00a0 \u00a0 \u00a0 \u00a0 \u00a0 \u00a0 \u00a0 \u00a0 \u00a0 \u00a0 \u00a0 \u00a0 \u00a0\u00a335.00<\/p>\n<p>Beic modur\u00a0 \u00a0 \u00a0 \u00a0 \u00a0 \u00a0 \u00a0 \u00a0 \u00a0 \u00a0 \u00a35.00<\/p>\n<p><strong>I gael mwy o wybodaeth am y Forest Drive, ewch i&#8217;n tudalen we ddynodedig sy&#8217;n cynnwys rhestr o Gwestiynau Cyffredin &#8211; <a href=\"https:\/\/www.cwmcarnforest.co.uk\/wp-content\/uploads\/2024\/04\/FAQ-FD_CY.pdf\">cliciwch yma<\/a><\/strong><\/p>\n<h3>Maes Parcio<\/h3>\n<p id=\"tw-target-text\" class=\"tw-data-text tw-text-large XcVN5d tw-ta\" dir=\"ltr\" data-placeholder=\"Translation\">\u00a31 am 2 awr neu \u00a33 trwy&#8217;r dydd<\/p>\n<h3>Cyfarwyddiadau<\/h3>\n<p>Ar y ffordd \u2013 cyfeiriwch at y map isod<\/p>\n<p><iframe loading=\"lazy\" style=\"border: 0;\" src=\"https:\/\/www.google.com\/maps\/embed?pb=!1m18!1m12!1m3!1d9905.54966407771!2d-3.121720847824596!3d51.634429752570206!2m3!1f0!2f0!3f0!3m2!1i1024!2i768!4f13.1!3m3!1m2!1s0x486e1ff9358f995d%3A0x2704a4b7dfcfc733!2sCwmcarn+Forest+Drive+Visitors+Centre!5e0!3m2!1sen!2suk!4v1557682517697!5m2!1sen!2suk\" width=\"100%\" height=\"350\" frameborder=\"0\" allowfullscreen=\"allowfullscreen\"><\/iframe><\/p>\n<p>Wrth i chi nes\u00e1u at Goedwig Cwmcarn, dilynwch yr arwyddion ar gyfer y safle, gan y bydd Systemau Llywio \u00e2 Lloeren yn eich cyfeirio at yst\u00e2d dai leol.<\/p>\n<h3>Trafnidiaeth Gyhoeddus<\/h3>\n<h4>Bws<\/h4>\n<p>Mae&#8217;r safleoedd bysiau mwyaf cyfleus ar Silver Street sydd ar Twyncarn Road ym Mhont-y-waun. Mae&#8217;r rhain ar yr heol sy\u2019n arwain at brif fynedfa Coedwig Cwmcarn.<\/p>\n<p>Mae amserlenni bysiau Bwrdeistref Sirol Caerffili ar gael\u00a0<a href=\"https:\/\/www.caerphilly.gov.uk\/Services\/Transport-and-parking\/Bus-timetables\">yma<\/a><\/p>\n<p><a href=\"https:\/\/www.cwmcarnforest.co.uk\/wp-content\/uploads\/2019\/09\/Caerphilly-County-Borough-bus-train-map-September-2019.pdf\">Map bysiau a threnau Bwrdeistref Sirol Caerffili<\/a><\/p>\n<h4>Trenau<\/h4>\n<p>Yr orsaf drenau agosaf yw Crosskeys, sef taith gerdded o dua 15 munud o&#8217;r ganolfan ymwelwyr.<\/p>\n<p><a href=\"https:\/\/tfwrail.wales\/\">Amserlenni Trafnidiaeth Cymru<\/a><\/p>\n<p><a href=\"https:\/\/www.nationalrail.co.uk\/\">Ymholiadau National Rail<\/a><\/p>\n<p><a href=\"https:\/\/www.traveline.cymru\/\">Traveline Cymru \u2013 Cynlluniwr Taith<\/a><\/p>\n","protected":false},"excerpt":{"rendered":"<p>Oriau Agor y Ganolfan Ymwelwyr Ar agor bob dydd 9.00am \u2013 5.00pm Ar gau dros gyfnod y Nadolig a&#8217;r Flwyddyn Newydd o 25 Rhagfyr tan 2 Ionawr. Oriau Agor y [&hellip;]<\/p>\n","protected":false},"author":1,"featured_media":0,"parent":0,"menu_order":0,"comment_status":"closed","ping_status":"closed","template":"","meta":{"_acf_changed":false,"inline_featured_image":false,"footnotes":""},"class_list":["post-583","page","type-page","status-publish","hentry"],"acf":[],"yoast_head":"<!-- This site is optimized with the Yoast SEO plugin v27.3 - https:\/\/yoast.com\/product\/yoast-seo-wordpress\/ -->\n<title>Gwybodaeth i Ymwelwyr - Cwmcarn Forest<\/title>\n<meta name=\"robots\" content=\"index, follow, max-snippet:-1, max-image-preview:large, max-video-preview:-1\" \/>\n<link rel=\"canonical\" href=\"https:\/\/www.cwmcarnforest.co.uk\/cy\/site-overview\/\" \/>\n<meta property=\"og:locale\" content=\"cy_GB\" \/>\n<meta property=\"og:type\" content=\"article\" \/>\n<meta property=\"og:title\" content=\"Gwybodaeth i Ymwelwyr - Cwmcarn Forest\" \/>\n<meta property=\"og:description\" content=\"Oriau Agor y Ganolfan Ymwelwyr Ar agor bob dydd 9.00am \u2013 5.00pm Ar gau dros gyfnod y Nadolig a&#8217;r Flwyddyn Newydd o 25 Rhagfyr tan 2 Ionawr. Oriau Agor y [&hellip;]\" \/>\n<meta property=\"og:url\" content=\"https:\/\/www.cwmcarnforest.co.uk\/cy\/site-overview\/\" \/>\n<meta property=\"og:site_name\" content=\"Cwmcarn Forest\" \/>\n<meta property=\"article:modified_time\" content=\"2024-04-19T11:46:42+00:00\" \/>\n<meta name=\"twitter:card\" content=\"summary_large_image\" \/>\n<meta name=\"twitter:label1\" content=\"Est. reading time\" \/>\n\t<meta name=\"twitter:data1\" content=\"1 minute\" \/>\n<script type=\"application\/ld+json\" class=\"yoast-schema-graph\">{\"@context\":\"https:\\\/\\\/schema.org\",\"@graph\":[{\"@type\":\"WebPage\",\"@id\":\"https:\\\/\\\/www.cwmcarnforest.co.uk\\\/cy\\\/site-overview\\\/\",\"url\":\"https:\\\/\\\/www.cwmcarnforest.co.uk\\\/cy\\\/site-overview\\\/\",\"name\":\"Gwybodaeth i Ymwelwyr - Cwmcarn Forest\",\"isPartOf\":{\"@id\":\"https:\\\/\\\/www.cwmcarnforest.co.uk\\\/en\\\/#website\"},\"datePublished\":\"2019-06-24T12:19:54+00:00\",\"dateModified\":\"2024-04-19T11:46:42+00:00\",\"breadcrumb\":{\"@id\":\"https:\\\/\\\/www.cwmcarnforest.co.uk\\\/cy\\\/site-overview\\\/#breadcrumb\"},\"inLanguage\":\"cy-GB\",\"potentialAction\":[{\"@type\":\"ReadAction\",\"target\":[\"https:\\\/\\\/www.cwmcarnforest.co.uk\\\/cy\\\/site-overview\\\/\"]}]},{\"@type\":\"BreadcrumbList\",\"@id\":\"https:\\\/\\\/www.cwmcarnforest.co.uk\\\/cy\\\/site-overview\\\/#breadcrumb\",\"itemListElement\":[{\"@type\":\"ListItem\",\"position\":1,\"name\":\"Home\",\"item\":\"https:\\\/\\\/www.cwmcarnforest.co.uk\\\/cy\\\/\"},{\"@type\":\"ListItem\",\"position\":2,\"name\":\"Gwybodaeth i Ymwelwyr\"}]},{\"@type\":\"WebSite\",\"@id\":\"https:\\\/\\\/www.cwmcarnforest.co.uk\\\/en\\\/#website\",\"url\":\"https:\\\/\\\/www.cwmcarnforest.co.uk\\\/en\\\/\",\"name\":\"Cwmcarn Forest\",\"description\":\"\",\"potentialAction\":[{\"@type\":\"SearchAction\",\"target\":{\"@type\":\"EntryPoint\",\"urlTemplate\":\"https:\\\/\\\/www.cwmcarnforest.co.uk\\\/en\\\/?s={search_term_string}\"},\"query-input\":{\"@type\":\"PropertyValueSpecification\",\"valueRequired\":true,\"valueName\":\"search_term_string\"}}],\"inLanguage\":\"cy-GB\"}]}<\/script>\n<!-- \/ Yoast SEO plugin. -->","yoast_head_json":{"title":"Gwybodaeth i Ymwelwyr - Cwmcarn Forest","robots":{"index":"index","follow":"follow","max-snippet":"max-snippet:-1","max-image-preview":"max-image-preview:large","max-video-preview":"max-video-preview:-1"},"canonical":"https:\/\/www.cwmcarnforest.co.uk\/cy\/site-overview\/","og_locale":"cy_GB","og_type":"article","og_title":"Gwybodaeth i Ymwelwyr - Cwmcarn Forest","og_description":"Oriau Agor y Ganolfan Ymwelwyr Ar agor bob dydd 9.00am \u2013 5.00pm Ar gau dros gyfnod y Nadolig a&#8217;r Flwyddyn Newydd o 25 Rhagfyr tan 2 Ionawr. Oriau Agor y [&hellip;]","og_url":"https:\/\/www.cwmcarnforest.co.uk\/cy\/site-overview\/","og_site_name":"Cwmcarn Forest","article_modified_time":"2024-04-19T11:46:42+00:00","twitter_card":"summary_large_image","twitter_misc":{"Est. reading time":"1 minute"},"schema":{"@context":"https:\/\/schema.org","@graph":[{"@type":"WebPage","@id":"https:\/\/www.cwmcarnforest.co.uk\/cy\/site-overview\/","url":"https:\/\/www.cwmcarnforest.co.uk\/cy\/site-overview\/","name":"Gwybodaeth i Ymwelwyr - Cwmcarn Forest","isPartOf":{"@id":"https:\/\/www.cwmcarnforest.co.uk\/en\/#website"},"datePublished":"2019-06-24T12:19:54+00:00","dateModified":"2024-04-19T11:46:42+00:00","breadcrumb":{"@id":"https:\/\/www.cwmcarnforest.co.uk\/cy\/site-overview\/#breadcrumb"},"inLanguage":"cy-GB","potentialAction":[{"@type":"ReadAction","target":["https:\/\/www.cwmcarnforest.co.uk\/cy\/site-overview\/"]}]},{"@type":"BreadcrumbList","@id":"https:\/\/www.cwmcarnforest.co.uk\/cy\/site-overview\/#breadcrumb","itemListElement":[{"@type":"ListItem","position":1,"name":"Home","item":"https:\/\/www.cwmcarnforest.co.uk\/cy\/"},{"@type":"ListItem","position":2,"name":"Gwybodaeth i Ymwelwyr"}]},{"@type":"WebSite","@id":"https:\/\/www.cwmcarnforest.co.uk\/en\/#website","url":"https:\/\/www.cwmcarnforest.co.uk\/en\/","name":"Cwmcarn Forest","description":"","potentialAction":[{"@type":"SearchAction","target":{"@type":"EntryPoint","urlTemplate":"https:\/\/www.cwmcarnforest.co.uk\/en\/?s={search_term_string}"},"query-input":{"@type":"PropertyValueSpecification","valueRequired":true,"valueName":"search_term_string"}}],"inLanguage":"cy-GB"}]}},"_links":{"self":[{"href":"https:\/\/www.cwmcarnforest.co.uk\/cy\/wp-json\/wp\/v2\/pages\/583","targetHints":{"allow":["GET"]}}],"collection":[{"href":"https:\/\/www.cwmcarnforest.co.uk\/cy\/wp-json\/wp\/v2\/pages"}],"about":[{"href":"https:\/\/www.cwmcarnforest.co.uk\/cy\/wp-json\/wp\/v2\/types\/page"}],"author":[{"embeddable":true,"href":"https:\/\/www.cwmcarnforest.co.uk\/cy\/wp-json\/wp\/v2\/users\/1"}],"replies":[{"embeddable":true,"href":"https:\/\/www.cwmcarnforest.co.uk\/cy\/wp-json\/wp\/v2\/comments?post=583"}],"version-history":[{"count":0,"href":"https:\/\/www.cwmcarnforest.co.uk\/cy\/wp-json\/wp\/v2\/pages\/583\/revisions"}],"wp:attachment":[{"href":"https:\/\/www.cwmcarnforest.co.uk\/cy\/wp-json\/wp\/v2\/media?parent=583"}],"curies":[{"name":"wp","href":"https:\/\/api.w.org\/{rel}","templated":true}]}}